{"id":6618,"date":"2026-04-10T14:59:03","date_gmt":"2026-04-10T12:59:03","guid":{"rendered":"https:\/\/hierostrasbourg.com\/?page_id=6618"},"modified":"2026-04-10T15:32:03","modified_gmt":"2026-04-10T13:32:03","slug":"accueil-2","status":"publish","type":"page","link":"https:\/\/hierostrasbourg.com\/","title":{"rendered":"ACCUEIL"},"content":{"rendered":"","protected":false},"excerpt":{"rendered":"","protected":false},"author":2,"featured_media":0,"parent":0,"menu_order":0,"comment_status":"closed","ping_status":"closed","template":"page-15zine-builder.php","meta":{"_monsterinsights_skip_tracking":false,"_monsterinsights_sitenote_active":false,"_monsterinsights_sitenote_note":"","_monsterinsights_sitenote_category":0,"jetpack_post_was_ever_published":false,"footnotes":""},"class_list":["post-6618","page","type-page","status-publish","hentry"],"yoast_head":"<!-- This site is optimized with the Yoast SEO plugin v27.3 - https:\/\/yoast.com\/product\/yoast-seo-wordpress\/ -->\n<title>ACCUEIL - HIERO STRASBOURG<\/title>\n<meta name=\"robots\" content=\"index, follow, max-snippet:-1, max-image-preview:large, max-video-preview:-1\" \/>\n<link rel=\"canonical\" href=\"https:\/\/hierostrasbourg.com\/\" \/>\n<meta property=\"og:locale\" content=\"fr_FR\" \/>\n<meta property=\"og:type\" content=\"article\" \/>\n<meta property=\"og:title\" content=\"ACCUEIL - HIERO STRASBOURG\" \/>\n<meta property=\"og:url\" content=\"https:\/\/hierostrasbourg.com\/\" \/>\n<meta property=\"og:site_name\" content=\"HIERO STRASBOURG\" \/>\n<meta property=\"article:publisher\" content=\"https:\/\/www.facebook.com\/fedehierostrasbourg\" \/>\n<meta property=\"article:modified_time\" content=\"2026-04-10T13:32:03+00:00\" \/>\n<meta name=\"twitter:card\" content=\"summary_large_image\" \/>\n<meta name=\"twitter:site\" content=\"@hierostrasbourg\" \/>\n<script type=\"application\/ld+json\" class=\"yoast-schema-graph\">{\"@context\":\"https:\\\/\\\/schema.org\",\"@graph\":[{\"@type\":\"WebPage\",\"@id\":\"https:\\\/\\\/hierostrasbourg.com\\\/\",\"url\":\"https:\\\/\\\/hierostrasbourg.com\\\/\",\"name\":\"ACCUEIL - HIERO STRASBOURG\",\"isPartOf\":{\"@id\":\"https:\\\/\\\/hierostrasbourg.com\\\/#website\"},\"datePublished\":\"2026-04-10T12:59:03+00:00\",\"dateModified\":\"2026-04-10T13:32:03+00:00\",\"breadcrumb\":{\"@id\":\"https:\\\/\\\/hierostrasbourg.com\\\/#breadcrumb\"},\"inLanguage\":\"fr-FR\",\"potentialAction\":[{\"@type\":\"ReadAction\",\"target\":[\"https:\\\/\\\/hierostrasbourg.com\\\/\"]}]},{\"@type\":\"BreadcrumbList\",\"@id\":\"https:\\\/\\\/hierostrasbourg.com\\\/#breadcrumb\",\"itemListElement\":[{\"@type\":\"ListItem\",\"position\":1,\"name\":\"Accueil\",\"item\":\"https:\\\/\\\/hierostrasbourg.com\\\/\"},{\"@type\":\"ListItem\",\"position\":2,\"name\":\"ACCUEIL\"}]},{\"@type\":\"WebSite\",\"@id\":\"https:\\\/\\\/hierostrasbourg.com\\\/#website\",\"url\":\"https:\\\/\\\/hierostrasbourg.com\\\/\",\"name\":\"HIERO STRASBOURG\",\"description\":\"Centre de Ressources Musiques Actuelles\",\"publisher\":{\"@id\":\"https:\\\/\\\/hierostrasbourg.com\\\/#organization\"},\"potentialAction\":[{\"@type\":\"SearchAction\",\"target\":{\"@type\":\"EntryPoint\",\"urlTemplate\":\"https:\\\/\\\/hierostrasbourg.com\\\/?s={search_term_string}\"},\"query-input\":{\"@type\":\"PropertyValueSpecification\",\"valueRequired\":true,\"valueName\":\"search_term_string\"}}],\"inLanguage\":\"fr-FR\"},{\"@type\":\"Organization\",\"@id\":\"https:\\\/\\\/hierostrasbourg.com\\\/#organization\",\"name\":\"F\u00e9d\u00e9ration Hi\u00e9ro Strasbourg\",\"url\":\"https:\\\/\\\/hierostrasbourg.com\\\/\",\"logo\":{\"@type\":\"ImageObject\",\"inLanguage\":\"fr-FR\",\"@id\":\"https:\\\/\\\/hierostrasbourg.com\\\/#\\\/schema\\\/logo\\\/image\\\/\",\"url\":\"https:\\\/\\\/i0.wp.com\\\/hierostrasbourg.com\\\/wp-content\\\/uploads\\\/2018\\\/12\\\/10403653_676328759125303_6567119637205156393_n.jpg?fit=333%2C516&ssl=1\",\"contentUrl\":\"https:\\\/\\\/i0.wp.com\\\/hierostrasbourg.com\\\/wp-content\\\/uploads\\\/2018\\\/12\\\/10403653_676328759125303_6567119637205156393_n.jpg?fit=333%2C516&ssl=1\",\"width\":333,\"height\":516,\"caption\":\"F\u00e9d\u00e9ration Hi\u00e9ro Strasbourg\"},\"image\":{\"@id\":\"https:\\\/\\\/hierostrasbourg.com\\\/#\\\/schema\\\/logo\\\/image\\\/\"},\"sameAs\":[\"https:\\\/\\\/www.facebook.com\\\/fedehierostrasbourg\",\"https:\\\/\\\/x.com\\\/hierostrasbourg\"]}]}<\/script>\n<!-- \/ Yoast SEO plugin. -->","yoast_head_json":{"title":"ACCUEIL - HIERO STRASBOURG","robots":{"index":"index","follow":"follow","max-snippet":"max-snippet:-1","max-image-preview":"max-image-preview:large","max-video-preview":"max-video-preview:-1"},"canonical":"https:\/\/hierostrasbourg.com\/","og_locale":"fr_FR","og_type":"article","og_title":"ACCUEIL - HIERO STRASBOURG","og_url":"https:\/\/hierostrasbourg.com\/","og_site_name":"HIERO STRASBOURG","article_publisher":"https:\/\/www.facebook.com\/fedehierostrasbourg","article_modified_time":"2026-04-10T13:32:03+00:00","twitter_card":"summary_large_image","twitter_site":"@hierostrasbourg","schema":{"@context":"https:\/\/schema.org","@graph":[{"@type":"WebPage","@id":"https:\/\/hierostrasbourg.com\/","url":"https:\/\/hierostrasbourg.com\/","name":"ACCUEIL - HIERO STRASBOURG","isPartOf":{"@id":"https:\/\/hierostrasbourg.com\/#website"},"datePublished":"2026-04-10T12:59:03+00:00","dateModified":"2026-04-10T13:32:03+00:00","breadcrumb":{"@id":"https:\/\/hierostrasbourg.com\/#breadcrumb"},"inLanguage":"fr-FR","potentialAction":[{"@type":"ReadAction","target":["https:\/\/hierostrasbourg.com\/"]}]},{"@type":"BreadcrumbList","@id":"https:\/\/hierostrasbourg.com\/#breadcrumb","itemListElement":[{"@type":"ListItem","position":1,"name":"Accueil","item":"https:\/\/hierostrasbourg.com\/"},{"@type":"ListItem","position":2,"name":"ACCUEIL"}]},{"@type":"WebSite","@id":"https:\/\/hierostrasbourg.com\/#website","url":"https:\/\/hierostrasbourg.com\/","name":"HIERO STRASBOURG","description":"Centre de Ressources Musiques Actuelles","publisher":{"@id":"https:\/\/hierostrasbourg.com\/#organization"},"potentialAction":[{"@type":"SearchAction","target":{"@type":"EntryPoint","urlTemplate":"https:\/\/hierostrasbourg.com\/?s={search_term_string}"},"query-input":{"@type":"PropertyValueSpecification","valueRequired":true,"valueName":"search_term_string"}}],"inLanguage":"fr-FR"},{"@type":"Organization","@id":"https:\/\/hierostrasbourg.com\/#organization","name":"F\u00e9d\u00e9ration Hi\u00e9ro Strasbourg","url":"https:\/\/hierostrasbourg.com\/","logo":{"@type":"ImageObject","inLanguage":"fr-FR","@id":"https:\/\/hierostrasbourg.com\/#\/schema\/logo\/image\/","url":"https:\/\/i0.wp.com\/hierostrasbourg.com\/wp-content\/uploads\/2018\/12\/10403653_676328759125303_6567119637205156393_n.jpg?fit=333%2C516&ssl=1","contentUrl":"https:\/\/i0.wp.com\/hierostrasbourg.com\/wp-content\/uploads\/2018\/12\/10403653_676328759125303_6567119637205156393_n.jpg?fit=333%2C516&ssl=1","width":333,"height":516,"caption":"F\u00e9d\u00e9ration Hi\u00e9ro Strasbourg"},"image":{"@id":"https:\/\/hierostrasbourg.com\/#\/schema\/logo\/image\/"},"sameAs":["https:\/\/www.facebook.com\/fedehierostrasbourg","https:\/\/x.com\/hierostrasbourg"]}]}},"jetpack_sharing_enabled":true,"jetpack_shortlink":"https:\/\/wp.me\/PavveU-1IK","jetpack-related-posts":[{"id":6,"url":"https:\/\/hierostrasbourg.com\/index.php\/accueil\/","url_meta":{"origin":6618,"position":0},"title":"ACCUEIL 2","author":"admin3019","date":"03\/12\/2018","format":false,"excerpt":"MINIBUS POUR LA TOURN\u00c9E 6, 8 et 9 places, version \u00e9conomique ou confort ACTION CULTURELLE actions culturelles, \u00e9ducation aux m\u00e9dias et au sonore PR\u00c9VENTION SANT\u00c9 pr\u00e9vention des risques auditifs","rel":"","context":"Article similaire","block_context":{"text":"Article similaire","link":""},"img":{"alt_text":"","src":"https:\/\/i0.wp.com\/hierostrasbourg.com\/wp-content\/uploads\/2018\/12\/tourbus-1.jpg?fit=1170%2C600&ssl=1&resize=350%2C200","width":350,"height":200,"srcset":"https:\/\/i0.wp.com\/hierostrasbourg.com\/wp-content\/uploads\/2018\/12\/tourbus-1.jpg?fit=1170%2C600&ssl=1&resize=350%2C200 1x, https:\/\/i0.wp.com\/hierostrasbourg.com\/wp-content\/uploads\/2018\/12\/tourbus-1.jpg?fit=1170%2C600&ssl=1&resize=525%2C300 1.5x, https:\/\/i0.wp.com\/hierostrasbourg.com\/wp-content\/uploads\/2018\/12\/tourbus-1.jpg?fit=1170%2C600&ssl=1&resize=700%2C400 2x, https:\/\/i0.wp.com\/hierostrasbourg.com\/wp-content\/uploads\/2018\/12\/tourbus-1.jpg?fit=1170%2C600&ssl=1&resize=1050%2C600 3x"},"classes":[]}],"_links":{"self":[{"href":"https:\/\/hierostrasbourg.com\/index.php\/wp-json\/wp\/v2\/pages\/6618","targetHints":{"allow":["GET"]}}],"collection":[{"href":"https:\/\/hierostrasbourg.com\/index.php\/wp-json\/wp\/v2\/pages"}],"about":[{"href":"https:\/\/hierostrasbourg.com\/index.php\/wp-json\/wp\/v2\/types\/page"}],"author":[{"embeddable":true,"href":"https:\/\/hierostrasbourg.com\/index.php\/wp-json\/wp\/v2\/users\/2"}],"replies":[{"embeddable":true,"href":"https:\/\/hierostrasbourg.com\/index.php\/wp-json\/wp\/v2\/comments?post=6618"}],"version-history":[{"count":1,"href":"https:\/\/hierostrasbourg.com\/index.php\/wp-json\/wp\/v2\/pages\/6618\/revisions"}],"predecessor-version":[{"id":6619,"href":"https:\/\/hierostrasbourg.com\/index.php\/wp-json\/wp\/v2\/pages\/6618\/revisions\/6619"}],"wp:attachment":[{"href":"https:\/\/hierostrasbourg.com\/index.php\/wp-json\/wp\/v2\/media?parent=6618"}],"curies":[{"name":"wp","href":"https:\/\/api.w.org\/{rel}","templated":true}]}}